{"id":448,"date":"2018-04-23T18:52:36","date_gmt":"2018-04-23T21:52:36","guid":{"rendered":"http:\/\/carretaoipanema.com.br\/?page_id=448"},"modified":"2021-09-14T17:47:14","modified_gmt":"2021-09-14T20:47:14","slug":"promotions","status":"publish","type":"page","link":"https:\/\/carretaoipanema.com.br\/en\/promotions\/","title":{"rendered":"Promotions"},"content":{"rendered":"<p><div class=\"fusion-fullwidth fullwidth-box fusion-parallax-fixed darker hundred-percent-fullwidth non-hundred-percent-height-scrolling\"  style='background-color: rgba(255,255,255,0);background-image: url(\"https:\/\/carretaoipanema.com.br\/wp-content\/uploads\/2021\/09\/CarretaoIpanemaSalao.jpg\");background-position: center center;background-repeat: no-repeat;padding-top:80px;padding-right:0px;padding-bottom:80px;padding-left:0px;-webkit-background-size:cover;-moz-background-size:cover;-o-background-size:cover;background-size:cover;background-attachment:fixed;'><div class=\"fusion-builder-row fusion-row \"><div  class=\"fusion-layout-column fusion_builder_column fusion_builder_column_1_1  fusion-one-full fusion-column-first fusion-column-last 1_1\"  style='margin-top:0px;margin-bottom:0px;'>\n\t\t\t\t\t<div class=\"fusion-column-wrapper\" style=\"padding: 100px 0px 0px 0px;background-position:left top;background-repeat:no-repeat;-webkit-background-size:cover;-moz-background-size:cover;-o-background-size:cover;background-size:cover;\"  data-bg-url=\"\">\n\t\t\t\t\t\t<div class=\"fusion-column-content-centered\"><div class=\"fusion-column-content\"><div class=\"imageframe-align-center\"><span class=\"fusion-imageframe imageframe-none imageframe-1 hover-type-none\"><img decoding=\"async\" src=\"http:\/\/carretaoipanema.com.br\/wp-content\/uploads\/2018\/04\/Talheres.png\" width=\"40\" height=\"40\" alt=\"\" title=\"Talheres\" class=\"img-responsive wp-image-137\"\/><\/span><\/div><div class=\"fusion-title title fusion-sep-none fusion-title-center fusion-title-size-two\" style=\"margin-top:0px;margin-bottom:0px;\"><h2 class=\"title-heading-center\"><p style=\"text-align: center;\" data-fontsize=\"44\" data-lineheight=\"66\"><span style=\"color: #ffffff;\"> PROMOTIONS<\/span><\/p><\/h2><\/div><div class=\"fusion-title title fusion-sep-none fusion-title-center fusion-title-size-four\" style=\"margin-top:0px;margin-bottom:15px;\"><h4 class=\"title-heading-center\"><h1 style=\"text-align: center;\"><span style=\"color: #ffffff;\">We always have your comfort in mind!<br \/>\nCheck below all the current promotions and events and be a part of it, too!<\/span><\/h1><\/h4><\/div><\/div><\/div><div class=\"fusion-clearfix\"><\/div>\n\n\t\t\t\t\t<\/div>\n\t\t\t\t<\/div><\/div><\/div><div class=\"fusion-fullwidth fullwidth-box nonhundred-percent-fullwidth non-hundred-percent-height-scrolling\"  style='background-color: rgba(255,255,255,0);background-position: center center;background-repeat: no-repeat;padding-top:0px;padding-right:0px;padding-bottom:0px;padding-left:0px;margin-bottom: 60px;margin-top: 60px;'><div class=\"fusion-builder-row fusion-row \"><div  class=\"fusion-layout-column fusion_builder_column fusion_builder_column_1_2  fusion-one-half fusion-column-first 1_2\"  style='margin-top:0px;margin-bottom:0px;width:50%;width:calc(50% - ( ( 4% ) * 0.5 ) );margin-right: 4%;'>\n\t\t\t\t\t<div class=\"fusion-column-wrapper\" style=\"padding: 0px 0px 0px 0px;background-position:left top;background-repeat:no-repeat;-webkit-background-size:cover;-moz-background-size:cover;-o-background-size:cover;background-size:cover;\"  data-bg-url=\"\">\n\t\t\t\t\t\t<div class=\"imageframe-align-center\"><span class=\"fusion-imageframe imageframe-none imageframe-2 hover-type-none spaceBelow\"><img decoding=\"async\" src=\"http:\/\/carretaoipanema.com.br\/wp-content\/uploads\/2018\/04\/promocao-aniversariante.jpg\" width=\"900\" height=\"600\" alt=\"\" title=\"promocao-aniversariante\" class=\"img-responsive wp-image-351\" srcset=\"https:\/\/carretaoipanema.com.br\/wp-content\/uploads\/2018\/04\/promocao-aniversariante-200x133.jpg 200w, https:\/\/carretaoipanema.com.br\/wp-content\/uploads\/2018\/04\/promocao-aniversariante-400x267.jpg 400w, https:\/\/carretaoipanema.com.br\/wp-content\/uploads\/2018\/04\/promocao-aniversariante-600x400.jpg 600w, https:\/\/carretaoipanema.com.br\/wp-content\/uploads\/2018\/04\/promocao-aniversariante-800x533.jpg 800w, https:\/\/carretaoipanema.com.br\/wp-content\/uploads\/2018\/04\/promocao-aniversariante.jpg 900w\" sizes=\"(max-width: 800px) 100vw, 600px\" \/><\/span><\/div><div class=\"fusion-clearfix\"><\/div>\n\n\t\t\t\t\t<\/div>\n\t\t\t\t<\/div><div  class=\"fusion-layout-column fusion_builder_column fusion_builder_column_1_2  fusion-one-half fusion-column-last 1_2\"  style='margin-top:0px;margin-bottom:0px;width:50%;width:calc(50% - ( ( 4% ) * 0.5 ) );'>\n\t\t\t\t\t<div class=\"fusion-column-wrapper\" style=\"padding: 0px 0px 0px 0px;background-position:left top;background-repeat:no-repeat;-webkit-background-size:cover;-moz-background-size:cover;-o-background-size:cover;background-size:cover;\"  data-bg-url=\"\">\n\t\t\t\t\t\t<div class=\"fusion-text\"><h3 style=\"text-align: center;\">BIRTHDAYS <span style=\"color: #c59d5f;\">PROMOTION<\/span><\/h3>\n<div style=\"text-align: center;\"><span style=\"font-weight: 400;\">Customers celebrating their <\/span><span style=\"font-weight: 400;\">birthday accompanied by 4 paying customers, has their Buffet free.<\/span><\/div>\n<\/div><div class=\"fusion-sep-clear\"><\/div><div class=\"fusion-separator fusion-full-width-sep sep-none\" style=\"margin-left: auto;margin-right: auto;margin-top:10px;margin-bottom:10px;\"><\/div><div class=\"fusion-button-wrapper fusion-aligncenter\"><style type=\"text\/css\" scoped=\"scoped\">.fusion-button.button-1 .fusion-button-text, .fusion-button.button-1 i {color:#c59d5f;}.fusion-button.button-1 {border-width:2px;border-color:#c59d5f;}.fusion-button.button-1 .fusion-button-icon-divider{border-color:#c59d5f;}.fusion-button.button-1:hover .fusion-button-text, .fusion-button.button-1:hover i,.fusion-button.button-1:focus .fusion-button-text, .fusion-button.button-1:focus i,.fusion-button.button-1:active .fusion-button-text, .fusion-button.button-1:active{color:#fcfcfc;}.fusion-button.button-1:hover, .fusion-button.button-1:focus, .fusion-button.button-1:active{border-width:2px;border-color:#fcfcfc;}.fusion-button.button-1:hover .fusion-button-icon-divider, .fusion-button.button-1:hover .fusion-button-icon-divider, .fusion-button.button-1:active .fusion-button-icon-divider{border-color:#fcfcfc;}.fusion-button.button-1{width:auto;}<\/style><a class=\"fusion-button button-flat fusion-button-round button-medium button-default button-1\" target=\"_self\" href=\"http:\/\/carretaoipanema.com.br\/en\/information-and-reservation\"><span class=\"fusion-button-text\">Reservation<\/span><\/a><\/div><div class=\"fusion-clearfix\"><\/div>\n\n\t\t\t\t\t<\/div>\n\t\t\t\t<\/div><\/div><\/div><div class=\"fusion-fullwidth fullwidth-box nonhundred-percent-fullwidth non-hundred-percent-height-scrolling\"  style='background-color: rgba(255,255,255,0);background-position: center center;background-repeat: no-repeat;padding-top:0px;padding-right:0px;padding-bottom:0px;padding-left:0px;margin-bottom: 60px;margin-top: 60px;'><div class=\"fusion-builder-row fusion-row \"><div  class=\"fusion-layout-column fusion_builder_column fusion_builder_column_1_1  fusion-one-full fusion-column-first fusion-column-last 1_1\"  style='margin-top:20px;margin-bottom:20px;'>\n\t\t\t\t\t<div class=\"fusion-column-wrapper\" style=\"padding: 0px 0px 0px 0px;background-position:left top;background-repeat:no-repeat;-webkit-background-size:cover;-moz-background-size:cover;-o-background-size:cover;background-size:cover;\"  data-bg-url=\"\">\n\t\t\t\t\t\t<div class=\"fusion-column-content-centered\"><div class=\"fusion-column-content\"><div class=\"fusion-text\"><p style=\"text-align: center;\">P.S.: <span style=\"font-weight: 400;\">Promotions and discounts can\u2019t be combined.<\/span><\/p>\n<\/div><\/div><\/div><div class=\"fusion-clearfix\"><\/div>\n\n\t\t\t\t\t<\/div>\n\t\t\t\t<\/div><\/div><\/div><div class=\"fusion-bg-parallax\"  data-bg-align=\"center center\" data-direction=\"up\" data-mute=\"false\" data-opacity=\"100\" data-velocity=\"-0.5\" data-mobile-enabled=\"false\" data-break_parents=\"0\" data-bg-image=\"http:\/\/carretaoipanema.com.br\/wp-content\/uploads\/2018\/04\/ChurrascoEspeto.jpg\" data-bg-repeat=\"false\" data-bg-height=\"\" data-bg-width=\"\"><\/div><div class=\"fusion-fullwidth fullwidth-box fusion-parallax-up dark nonhundred-percent-fullwidth non-hundred-percent-height-scrolling\"  style='background-color: rgba(255,255,255,0);background-image: url(\"http:\/\/carretaoipanema.com.br\/wp-content\/uploads\/2018\/04\/ChurrascoEspeto.jpg\");background-position: center center;background-repeat: no-repeat;padding-top:80px;padding-right:0px;padding-bottom:40px;padding-left:0px;-webkit-background-size:cover;-moz-background-size:cover;-o-background-size:cover;background-size:cover;background-attachment:up;'><div class=\"fusion-builder-row fusion-row \"><div  class=\"fusion-layout-column fusion_builder_column fusion_builder_column_1_1  fusion-one-full fusion-column-first fusion-column-last 1_1\"  style='margin-top:80px;margin-bottom:80px;'>\n\t\t\t\t\t<div class=\"fusion-column-wrapper\" style=\"padding: 0px 0px 0px 0px;background-position:left top;background-repeat:no-repeat;-webkit-background-size:cover;-moz-background-size:cover;-o-background-size:cover;background-size:cover;\"  data-bg-url=\"\">\n\t\t\t\t\t\t<div class=\"fusion-title title fusion-sep-none fusion-title-center fusion-title-size-two\" style=\"margin-top:0px;margin-bottom:31px;\"><h2 class=\"title-heading-center\"><span style=\"color: #ffffff;\">CARRET\u00c3O CLUB \u2013 SPECIAL DISCOUNTS<\/span><\/h2><\/div><div class=\"fusion-title title fusion-sep-none fusion-title-center fusion-title-size-four\" style=\"margin-top:0px;margin-bottom:31px;\"><h4 class=\"title-heading-center\"><span style=\"color: #ffffff;\">Enjoy everything that Carret\u00e3o has to offer to you with irresistible discounts!<\/span><\/h4><\/div><div class=\"fusion-button-wrapper fusion-aligncenter\"><style type=\"text\/css\" scoped=\"scoped\">.fusion-button.button-2 .fusion-button-text, .fusion-button.button-2 i {color:#c59d5f;}.fusion-button.button-2 {border-width:2px;border-color:#c59d5f;}.fusion-button.button-2 .fusion-button-icon-divider{border-color:#c59d5f;}.fusion-button.button-2:hover .fusion-button-text, .fusion-button.button-2:hover i,.fusion-button.button-2:focus .fusion-button-text, .fusion-button.button-2:focus i,.fusion-button.button-2:active .fusion-button-text, .fusion-button.button-2:active{color:#fcfcfc;}.fusion-button.button-2:hover, .fusion-button.button-2:focus, .fusion-button.button-2:active{border-width:2px;border-color:#fcfcfc;}.fusion-button.button-2:hover .fusion-button-icon-divider, .fusion-button.button-2:hover .fusion-button-icon-divider, .fusion-button.button-2:active .fusion-button-icon-divider{border-color:#fcfcfc;}.fusion-button.button-2{width:auto;}<\/style><a class=\"fusion-button button-flat fusion-button-round button-medium button-default button-2\" target=\"_blank\" rel=\"noopener noreferrer\" title=\"Rod\u00edzio em promo\u00e7\u00e3o\" href=\"http:\/\/clubecarretao.com.br\/\"><span class=\"fusion-button-text\">Access promotions<\/span><\/a><\/div><div class=\"fusion-clearfix\"><\/div>\n\n\t\t\t\t\t<\/div>\n\t\t\t\t<\/div><\/div><\/div><\/p>\n","protected":false},"excerpt":{"rendered":"","protected":false},"author":1,"featured_media":0,"parent":0,"menu_order":0,"comment_status":"closed","ping_status":"closed","template":"100-width.php","meta":{"footnotes":""},"class_list":["post-448","page","type-page","status-publish","hentry"],"_links":{"self":[{"href":"https:\/\/carretaoipanema.com.br\/en\/wp-json\/wp\/v2\/pages\/448","targetHints":{"allow":["GET"]}}],"collection":[{"href":"https:\/\/carretaoipanema.com.br\/en\/wp-json\/wp\/v2\/pages"}],"about":[{"href":"https:\/\/carretaoipanema.com.br\/en\/wp-json\/wp\/v2\/types\/page"}],"author":[{"embeddable":true,"href":"https:\/\/carretaoipanema.com.br\/en\/wp-json\/wp\/v2\/users\/1"}],"replies":[{"embeddable":true,"href":"https:\/\/carretaoipanema.com.br\/en\/wp-json\/wp\/v2\/comments?post=448"}],"version-history":[{"count":7,"href":"https:\/\/carretaoipanema.com.br\/en\/wp-json\/wp\/v2\/pages\/448\/revisions"}],"predecessor-version":[{"id":576,"href":"https:\/\/carretaoipanema.com.br\/en\/wp-json\/wp\/v2\/pages\/448\/revisions\/576"}],"wp:attachment":[{"href":"https:\/\/carretaoipanema.com.br\/en\/wp-json\/wp\/v2\/media?parent=448"}],"curies":[{"name":"wp","href":"https:\/\/api.w.org\/{rel}","templated":true}]}}